{"id":4818,"date":"2025-08-22T08:50:43","date_gmt":"2025-08-22T08:50:43","guid":{"rendered":"https:\/\/nationalzermatt.ch\/newsletter\/"},"modified":"2025-08-22T09:02:15","modified_gmt":"2025-08-22T09:02:15","slug":"newsletter","status":"publish","type":"page","link":"https:\/\/nationalzermatt.ch\/fr\/newsletter\/","title":{"rendered":"Newsletter"},"content":{"rendered":"\t\t<div data-elementor-type=\"wp-page\" data-elementor-id=\"4818\" class=\"elementor elementor-4818 elementor-4789\" data-elementor-settings=\"{&quot;ha_cmc_init_switcher&quot;:&quot;no&quot;}\" data-elementor-post-type=\"page\">\n\t\t\t\t<div class=\"elementor-element elementor-element-1a1d88b e-flex e-con-boxed e-con e-parent\" data-id=\"1a1d88b\" data-element_type=\"container\" data-e-type=\"container\" data-settings=\"{&quot;background_background&quot;:&quot;classic&quot;,&quot;_ha_eqh_enable&quot;:false}\">\n\t\t\t\t\t<div class=\"e-con-inner\">\n\t\t\t\t<div class=\"elementor-element elementor-element-37f75a2 elementor-widget elementor-widget-text-editor\" data-id=\"37f75a2\" data-element_type=\"widget\" data-e-type=\"widget\" data-widget_type=\"text-editor.default\">\n\t\t\t\t<div class=\"elementor-widget-container\">\n\t\t\t\t\t\t\t\t\t<h2 class=\"responsive-heading\">Newsletter<\/h2><p>Recevez des aper\u00e7us exclusifs, des offres sp\u00e9ciales et des histoires inspirantes de notre h\u00f4tel \u2013 directement dans votre bo\u00eete mail.<\/p>\t\t\t\t\t\t\t\t<\/div>\n\t\t\t\t<\/div>\n\t\t\t\t\t<\/div>\n\t\t\t\t<\/div>\n\t\t<div class=\"elementor-element elementor-element-89dfab4 e-flex e-con-boxed e-con e-parent\" data-id=\"89dfab4\" data-element_type=\"container\" data-e-type=\"container\" data-settings=\"{&quot;background_background&quot;:&quot;classic&quot;,&quot;_ha_eqh_enable&quot;:false}\">\n\t\t\t\t\t<div class=\"e-con-inner\">\n\t\t\t\t<div class=\"elementor-element elementor-element-4f73217 elementor-widget elementor-widget-html\" data-id=\"4f73217\" data-element_type=\"widget\" data-e-type=\"widget\" data-widget_type=\"html.default\">\n\t\t\t\t<div class=\"elementor-widget-container\">\n\t\t\t\t\t<div>\r\n  <style>\r\n    .sh-container {position:relative;overflow:hidden;width:100%;}\r\n    .sh-responsive-iframe {border:0;width:100%;height:100%;}\r\n  <\/style>\r\n  <div class=\"sh-container\">\r\n    <!-- ensure to change the language in the iframe src url to the current language of the website -->\r\n    <iframe title=\"Newsletter\" id=\"newsletter-subscription--93ff6TpDQCse--default\" class=\"sh-responsive-iframe\" src=\"https:\/\/national-zermatt.smarthosts.co\/app\/fr\/widgets\/embed\/newsletter-subscription\/93ff6TpDQCse?instance=default\"><\/iframe>\r\n  <\/div>\r\n  <script>\r\n    (function () {\r\n      const widgetInstance = 'newsletter-subscription--93ff6TpDQCse--default';\r\n      const iframe = document.getElementById(widgetInstance);\r\n\r\n      window.addEventListener('message', function (event) {\r\n        const isCurrentWidget =\r\n          typeof event.data === 'object' &&\r\n          event.data.type === 'sh-event' &&\r\n          event.data.instance === widgetInstance;\r\n\r\n        if (!isCurrentWidget) return;\r\n\r\n        switch (event.data.name) {\r\n          case 'sh-height-change': {\r\n            if (typeof event.data.scrollHeight !== 'number') return;\r\n            iframe.style.height = event.data.scrollHeight + 'px';\r\n            break;\r\n          }\r\n        }\r\n      });\r\n    })();\r\n  <\/script>\r\n<\/div>\t\t\t\t<\/div>\n\t\t\t\t<\/div>\n\t\t\t\t\t<\/div>\n\t\t\t\t<\/div>\n\t\t\t\t<\/div>\n\t\t","protected":false},"excerpt":{"rendered":"<p>Newsletter Recevez des aper\u00e7us exclusifs, des offres sp\u00e9ciales et des histoires inspirantes de notre h\u00f4tel \u2013 directement dans votre bo\u00eete mail. .sh-container {position:relative;overflow:hidden;width:100%;} .sh-responsive-iframe {border:0;width:100%;height:100%;}<\/p>\n","protected":false},"author":1,"featured_media":0,"parent":0,"menu_order":0,"comment_status":"closed","ping_status":"closed","template":"elementor_header_footer","meta":{"footnotes":""},"class_list":["post-4818","page","type-page","status-publish","hentry"],"yoast_head":"<!-- This site is optimized with the Yoast SEO plugin v26.9 - https:\/\/yoast.com\/product\/yoast-seo-wordpress\/ -->\n<title>Newsletter - Hotel National Zermatt<\/title>\n<meta name=\"description\" content=\"Inscrivez-vous \u00e0 la newsletter de l\u2019H\u00f4tel National Zermatt et recevez directement dans votre bo\u00eete mail des offres exclusives, des actualit\u00e9s et des conseils.\" \/>\n<meta name=\"robots\" content=\"index, follow, max-snippet:-1, max-image-preview:large, max-video-preview:-1\" \/>\n<link rel=\"canonical\" href=\"https:\/\/nationalzermatt.ch\/fr\/newsletter\/\" \/>\n<meta property=\"og:locale\" content=\"fr_FR\" \/>\n<meta property=\"og:type\" content=\"article\" \/>\n<meta property=\"og:title\" content=\"Newsletter - Hotel National Zermatt\" \/>\n<meta property=\"og:description\" content=\"Inscrivez-vous \u00e0 la newsletter de l\u2019H\u00f4tel National Zermatt et recevez directement dans votre bo\u00eete mail des offres exclusives, des actualit\u00e9s et des conseils.\" \/>\n<meta property=\"og:url\" content=\"https:\/\/nationalzermatt.ch\/fr\/newsletter\/\" \/>\n<meta property=\"og:site_name\" content=\"Hotel National Zermatt\" \/>\n<meta property=\"article:publisher\" content=\"https:\/\/www.facebook.com\/Hotel-National-Zermatt-149679611827902\" \/>\n<meta property=\"article:modified_time\" content=\"2025-08-22T09:02:15+00:00\" \/>\n<meta name=\"twitter:card\" content=\"summary_large_image\" \/>\n<script type=\"application\/ld+json\" class=\"yoast-schema-graph\">{\"@context\":\"https:\/\/schema.org\",\"@graph\":[{\"@type\":\"WebPage\",\"@id\":\"https:\/\/nationalzermatt.ch\/fr\/newsletter\/\",\"url\":\"https:\/\/nationalzermatt.ch\/fr\/newsletter\/\",\"name\":\"Newsletter - Hotel National Zermatt\",\"isPartOf\":{\"@id\":\"https:\/\/nationalzermatt.ch\/fr\/#website\"},\"datePublished\":\"2025-08-22T08:50:43+00:00\",\"dateModified\":\"2025-08-22T09:02:15+00:00\",\"description\":\"Inscrivez-vous \u00e0 la newsletter de l\u2019H\u00f4tel National Zermatt et recevez directement dans votre bo\u00eete mail des offres exclusives, des actualit\u00e9s et des conseils.\",\"breadcrumb\":{\"@id\":\"https:\/\/nationalzermatt.ch\/fr\/newsletter\/#breadcrumb\"},\"inLanguage\":\"fr-FR\",\"potentialAction\":[{\"@type\":\"ReadAction\",\"target\":[\"https:\/\/nationalzermatt.ch\/fr\/newsletter\/\"]}]},{\"@type\":\"BreadcrumbList\",\"@id\":\"https:\/\/nationalzermatt.ch\/fr\/newsletter\/#breadcrumb\",\"itemListElement\":[{\"@type\":\"ListItem\",\"position\":1,\"name\":\"Startseite\",\"item\":\"https:\/\/nationalzermatt.ch\/fr\/\"},{\"@type\":\"ListItem\",\"position\":2,\"name\":\"Newsletter\"}]},{\"@type\":\"WebSite\",\"@id\":\"https:\/\/nationalzermatt.ch\/fr\/#website\",\"url\":\"https:\/\/nationalzermatt.ch\/fr\/\",\"name\":\"Hotel National Zermatt\",\"description\":\"Extend your happiness\",\"publisher\":{\"@id\":\"https:\/\/nationalzermatt.ch\/fr\/#organization\"},\"potentialAction\":[{\"@type\":\"SearchAction\",\"target\":{\"@type\":\"EntryPoint\",\"urlTemplate\":\"https:\/\/nationalzermatt.ch\/fr\/?s={search_term_string}\"},\"query-input\":{\"@type\":\"PropertyValueSpecification\",\"valueRequired\":true,\"valueName\":\"search_term_string\"}}],\"inLanguage\":\"fr-FR\"},{\"@type\":\"Organization\",\"@id\":\"https:\/\/nationalzermatt.ch\/fr\/#organization\",\"name\":\"Hotel National Zermatt\",\"url\":\"https:\/\/nationalzermatt.ch\/fr\/\",\"logo\":{\"@type\":\"ImageObject\",\"inLanguage\":\"fr-FR\",\"@id\":\"https:\/\/nationalzermatt.ch\/fr\/#\/schema\/logo\/image\/\",\"url\":\"https:\/\/nationalzermatt.ch\/wp-content\/uploads\/2024\/06\/national_logo_circular_BRONZE.svg\",\"contentUrl\":\"https:\/\/nationalzermatt.ch\/wp-content\/uploads\/2024\/06\/national_logo_circular_BRONZE.svg\",\"width\":1920,\"height\":1920,\"caption\":\"Hotel National Zermatt\"},\"image\":{\"@id\":\"https:\/\/nationalzermatt.ch\/fr\/#\/schema\/logo\/image\/\"},\"sameAs\":[\"https:\/\/www.facebook.com\/Hotel-National-Zermatt-149679611827902\",\"https:\/\/www.instagram.com\/nationalzermatt\/\"]}]}<\/script>\n<!-- \/ Yoast SEO plugin. -->","yoast_head_json":{"title":"Newsletter - Hotel National Zermatt","description":"Inscrivez-vous \u00e0 la newsletter de l\u2019H\u00f4tel National Zermatt et recevez directement dans votre bo\u00eete mail des offres exclusives, des actualit\u00e9s et des conseils.","robots":{"index":"index","follow":"follow","max-snippet":"max-snippet:-1","max-image-preview":"max-image-preview:large","max-video-preview":"max-video-preview:-1"},"canonical":"https:\/\/nationalzermatt.ch\/fr\/newsletter\/","og_locale":"fr_FR","og_type":"article","og_title":"Newsletter - Hotel National Zermatt","og_description":"Inscrivez-vous \u00e0 la newsletter de l\u2019H\u00f4tel National Zermatt et recevez directement dans votre bo\u00eete mail des offres exclusives, des actualit\u00e9s et des conseils.","og_url":"https:\/\/nationalzermatt.ch\/fr\/newsletter\/","og_site_name":"Hotel National Zermatt","article_publisher":"https:\/\/www.facebook.com\/Hotel-National-Zermatt-149679611827902","article_modified_time":"2025-08-22T09:02:15+00:00","twitter_card":"summary_large_image","schema":{"@context":"https:\/\/schema.org","@graph":[{"@type":"WebPage","@id":"https:\/\/nationalzermatt.ch\/fr\/newsletter\/","url":"https:\/\/nationalzermatt.ch\/fr\/newsletter\/","name":"Newsletter - Hotel National Zermatt","isPartOf":{"@id":"https:\/\/nationalzermatt.ch\/fr\/#website"},"datePublished":"2025-08-22T08:50:43+00:00","dateModified":"2025-08-22T09:02:15+00:00","description":"Inscrivez-vous \u00e0 la newsletter de l\u2019H\u00f4tel National Zermatt et recevez directement dans votre bo\u00eete mail des offres exclusives, des actualit\u00e9s et des conseils.","breadcrumb":{"@id":"https:\/\/nationalzermatt.ch\/fr\/newsletter\/#breadcrumb"},"inLanguage":"fr-FR","potentialAction":[{"@type":"ReadAction","target":["https:\/\/nationalzermatt.ch\/fr\/newsletter\/"]}]},{"@type":"BreadcrumbList","@id":"https:\/\/nationalzermatt.ch\/fr\/newsletter\/#breadcrumb","itemListElement":[{"@type":"ListItem","position":1,"name":"Startseite","item":"https:\/\/nationalzermatt.ch\/fr\/"},{"@type":"ListItem","position":2,"name":"Newsletter"}]},{"@type":"WebSite","@id":"https:\/\/nationalzermatt.ch\/fr\/#website","url":"https:\/\/nationalzermatt.ch\/fr\/","name":"Hotel National Zermatt","description":"Extend your happiness","publisher":{"@id":"https:\/\/nationalzermatt.ch\/fr\/#organization"},"potentialAction":[{"@type":"SearchAction","target":{"@type":"EntryPoint","urlTemplate":"https:\/\/nationalzermatt.ch\/fr\/?s={search_term_string}"},"query-input":{"@type":"PropertyValueSpecification","valueRequired":true,"valueName":"search_term_string"}}],"inLanguage":"fr-FR"},{"@type":"Organization","@id":"https:\/\/nationalzermatt.ch\/fr\/#organization","name":"Hotel National Zermatt","url":"https:\/\/nationalzermatt.ch\/fr\/","logo":{"@type":"ImageObject","inLanguage":"fr-FR","@id":"https:\/\/nationalzermatt.ch\/fr\/#\/schema\/logo\/image\/","url":"https:\/\/nationalzermatt.ch\/wp-content\/uploads\/2024\/06\/national_logo_circular_BRONZE.svg","contentUrl":"https:\/\/nationalzermatt.ch\/wp-content\/uploads\/2024\/06\/national_logo_circular_BRONZE.svg","width":1920,"height":1920,"caption":"Hotel National Zermatt"},"image":{"@id":"https:\/\/nationalzermatt.ch\/fr\/#\/schema\/logo\/image\/"},"sameAs":["https:\/\/www.facebook.com\/Hotel-National-Zermatt-149679611827902","https:\/\/www.instagram.com\/nationalzermatt\/"]}]}},"_links":{"self":[{"href":"https:\/\/nationalzermatt.ch\/fr\/wp-json\/wp\/v2\/pages\/4818","targetHints":{"allow":["GET"]}}],"collection":[{"href":"https:\/\/nationalzermatt.ch\/fr\/wp-json\/wp\/v2\/pages"}],"about":[{"href":"https:\/\/nationalzermatt.ch\/fr\/wp-json\/wp\/v2\/types\/page"}],"author":[{"embeddable":true,"href":"https:\/\/nationalzermatt.ch\/fr\/wp-json\/wp\/v2\/users\/1"}],"replies":[{"embeddable":true,"href":"https:\/\/nationalzermatt.ch\/fr\/wp-json\/wp\/v2\/comments?post=4818"}],"version-history":[{"count":0,"href":"https:\/\/nationalzermatt.ch\/fr\/wp-json\/wp\/v2\/pages\/4818\/revisions"}],"wp:attachment":[{"href":"https:\/\/nationalzermatt.ch\/fr\/wp-json\/wp\/v2\/media?parent=4818"}],"curies":[{"name":"wp","href":"https:\/\/api.w.org\/{rel}","templated":true}]}}