{"id":4299,"date":"2025-06-03T11:56:00","date_gmt":"2025-06-03T11:56:00","guid":{"rendered":"https:\/\/nationalzermatt.ch\/forfaits\/"},"modified":"2025-10-20T11:33:35","modified_gmt":"2025-10-20T11:33:35","slug":"forfaits","status":"publish","type":"page","link":"https:\/\/nationalzermatt.ch\/fr\/forfaits\/","title":{"rendered":"Forfaits"},"content":{"rendered":"\t\t<div data-elementor-type=\"wp-page\" data-elementor-id=\"4299\" class=\"elementor elementor-4299 elementor-4230\" data-elementor-settings=\"{&quot;ha_cmc_init_switcher&quot;:&quot;no&quot;}\" data-elementor-post-type=\"page\">\n\t\t\t\t<div class=\"elementor-element elementor-element-73704736 e-con-full e-flex e-con e-parent\" data-id=\"73704736\" data-element_type=\"container\" data-e-type=\"container\" data-settings=\"{&quot;background_background&quot;:&quot;classic&quot;,&quot;_ha_eqh_enable&quot;:false}\">\n\t\t\t\t<\/div>\n\t\t\t\t<section class=\"elementor-section elementor-top-section elementor-element elementor-element-1c72a82e elementor-section-height-min-height elementor-section-boxed elementor-section-height-default elementor-section-items-middle\" data-id=\"1c72a82e\" data-element_type=\"section\" data-e-type=\"section\" data-settings=\"{&quot;background_background&quot;:&quot;classic&quot;,&quot;_ha_eqh_enable&quot;:false}\">\n\t\t\t\t\t\t\t<div class=\"elementor-background-overlay\"><\/div>\n\t\t\t\t\t\t\t<div class=\"elementor-container elementor-column-gap-default\">\n\t\t\t\t\t<div class=\"elementor-column elementor-col-50 elementor-top-column elementor-element elementor-element-3a7de3c2\" data-id=\"3a7de3c2\" data-element_type=\"column\" data-e-type=\"column\">\n\t\t\t<div class=\"elementor-widget-wrap elementor-element-populated\">\n\t\t\t\t\t\t<div class=\"elementor-element elementor-element-6617b929 elementor-widget elementor-widget-text-editor\" data-id=\"6617b929\" data-element_type=\"widget\" data-e-type=\"widget\" data-widget_type=\"text-editor.default\">\n\t\t\t\t<div class=\"elementor-widget-container\">\n\t\t\t\t\t\t\t\t\t<p>Sp\u00e9cial<br \/>Forfaits<\/p>\t\t\t\t\t\t\t\t<\/div>\n\t\t\t\t<\/div>\n\t\t\t\t\t<\/div>\n\t\t<\/div>\n\t\t\t\t<div class=\"elementor-column elementor-col-50 elementor-top-column elementor-element elementor-element-1167185d\" data-id=\"1167185d\" data-element_type=\"column\" data-e-type=\"column\">\n\t\t\t<div class=\"elementor-widget-wrap\">\n\t\t\t\t\t\t\t<\/div>\n\t\t<\/div>\n\t\t\t\t\t<\/div>\n\t\t<\/section>\n\t\t<div class=\"elementor-element elementor-element-3351027e e-con-full e-flex e-con e-parent\" data-id=\"3351027e\" data-element_type=\"container\" data-e-type=\"container\" data-settings=\"{&quot;background_background&quot;:&quot;classic&quot;,&quot;_ha_eqh_enable&quot;:false}\">\n\t\t<div class=\"elementor-element elementor-element-7c3371d1 e-con-full e-flex e-con e-child\" data-id=\"7c3371d1\" data-element_type=\"container\" data-e-type=\"container\" data-settings=\"{&quot;background_background&quot;:&quot;classic&quot;,&quot;_ha_eqh_enable&quot;:false}\">\n\t\t\t\t<div class=\"elementor-element elementor-element-704489e7 elementor-widget elementor-widget-heading\" data-id=\"704489e7\" data-element_type=\"widget\" data-e-type=\"widget\" data-widget_type=\"heading.default\">\n\t\t\t\t<div class=\"elementor-widget-container\">\n\t\t\t\t\t<h2 class=\"elementor-heading-title elementor-size-default\"><a href=\"https:\/\/nationalzermatt.ch\/fr\/des-chambres-2\/\">S'asseoir avant que la vie ne recommence<\/a><\/h2>\t\t\t\t<\/div>\n\t\t\t\t<\/div>\n\t\t\t\t<div class=\"elementor-element elementor-element-3f296d39 ha-has-bg-overlay elementor-widget elementor-widget-heading\" data-id=\"3f296d39\" data-element_type=\"widget\" data-e-type=\"widget\" data-widget_type=\"heading.default\">\n\t\t\t\t<div class=\"elementor-widget-container\">\n\t\t\t\t\t<h2 class=\"elementor-heading-title elementor-size-default\"><a href=\"https:\/\/www.simplebooking.it\/ibe2\/hotel\/3490\/package\/69799?hid=3490&#038;lang=FR&#038;cur=CHF\" target=\"_blank\">Baby Moon<\/a><\/h2>\t\t\t\t<\/div>\n\t\t\t\t<\/div>\n\t\t\t\t<div class=\"elementor-element elementor-element-b06d360 ha-has-bg-overlay elementor-widget elementor-widget-heading\" data-id=\"b06d360\" data-element_type=\"widget\" data-e-type=\"widget\" data-widget_type=\"heading.default\">\n\t\t\t\t<div class=\"elementor-widget-container\">\n\t\t\t\t\t<h2 class=\"elementor-heading-title elementor-size-default\"><a href=\"https:\/\/nationalzermatt.ch\/fr\/des-chambres-2\/\">2 x nuits en demi-pension \n<br>1 x kit d'empreinte de la main\n<br>1 x prosecco \/ vin sans alcool\n<br>1 x massage par personne<\/a><\/h2>\t\t\t\t<\/div>\n\t\t\t\t<\/div>\n\t\t\t\t<\/div>\n\t\t<div class=\"elementor-element elementor-element-30cc65b e-con-full e-flex e-con e-child\" data-id=\"30cc65b\" data-element_type=\"container\" data-e-type=\"container\" data-settings=\"{&quot;background_background&quot;:&quot;classic&quot;,&quot;_ha_eqh_enable&quot;:false}\">\n\t\t\t\t<div class=\"elementor-element elementor-element-6412e856 elementor-widget elementor-widget-heading\" data-id=\"6412e856\" data-element_type=\"widget\" data-e-type=\"widget\" data-widget_type=\"heading.default\">\n\t\t\t\t<div class=\"elementor-widget-container\">\n\t\t\t\t\t<h2 class=\"elementor-heading-title elementor-size-default\"><a href=\"https:\/\/nationalzermatt.ch\/fr\/restaurant-national\/\">Moi - sans choses \u00e0 faire<\/a><\/h2>\t\t\t\t<\/div>\n\t\t\t\t<\/div>\n\t\t\t\t<div class=\"elementor-element elementor-element-c2cc80b ha-has-bg-overlay elementor-widget elementor-widget-heading\" data-id=\"c2cc80b\" data-element_type=\"widget\" data-e-type=\"widget\" data-widget_type=\"heading.default\">\n\t\t\t\t<div class=\"elementor-widget-container\">\n\t\t\t\t\t<h2 class=\"elementor-heading-title elementor-size-default\"><a href=\"https:\/\/www.simplebooking.it\/ibe2\/hotel\/3490\/package\/69564?hid=3490&#038;lang=FR&#038;cur=CHF\" target=\"_blank\">Me Time<\/a><\/h2>\t\t\t\t<\/div>\n\t\t\t\t<\/div>\n\t\t\t\t<div class=\"elementor-element elementor-element-45960e5 ha-has-bg-overlay elementor-widget elementor-widget-heading\" data-id=\"45960e5\" data-element_type=\"widget\" data-e-type=\"widget\" data-widget_type=\"heading.default\">\n\t\t\t\t<div class=\"elementor-widget-container\">\n\t\t\t\t\t<h2 class=\"elementor-heading-title elementor-size-default\"><a href=\"https:\/\/nationalzermatt.ch\/fr\/des-chambres-2\/\">2 x nuits en demi-pension \n<br>1 x boules de bain\n<br>1 x prosecco \/ vin\n<br>1 x massage<\/a><\/h2>\t\t\t\t<\/div>\n\t\t\t\t<\/div>\n\t\t\t\t<\/div>\n\t\t\t\t<\/div>\n\t\t<div class=\"elementor-element elementor-element-1c48575 e-con-full e-flex e-con e-parent\" data-id=\"1c48575\" data-element_type=\"container\" data-e-type=\"container\" data-settings=\"{&quot;background_background&quot;:&quot;classic&quot;,&quot;_ha_eqh_enable&quot;:false}\">\n\t\t<div class=\"elementor-element elementor-element-853e966 e-con-full e-flex e-con e-child\" data-id=\"853e966\" data-element_type=\"container\" data-e-type=\"container\" data-settings=\"{&quot;background_background&quot;:&quot;classic&quot;,&quot;_ha_eqh_enable&quot;:false}\">\n\t\t\t\t<div class=\"elementor-element elementor-element-01897d3 elementor-widget elementor-widget-heading\" data-id=\"01897d3\" data-element_type=\"widget\" data-e-type=\"widget\" data-widget_type=\"heading.default\">\n\t\t\t\t<div class=\"elementor-widget-container\">\n\t\t\t\t\t<h2 class=\"elementor-heading-title elementor-size-default\"><a href=\"https:\/\/nationalzermatt.ch\/fr\/des-chambres-2\/\">En route ensemble<\/a><\/h2>\t\t\t\t<\/div>\n\t\t\t\t<\/div>\n\t\t\t\t<div class=\"elementor-element elementor-element-c491588 ha-has-bg-overlay elementor-widget elementor-widget-heading\" data-id=\"c491588\" data-element_type=\"widget\" data-e-type=\"widget\" data-widget_type=\"heading.default\">\n\t\t\t\t<div class=\"elementor-widget-container\">\n\t\t\t\t\t<h2 class=\"elementor-heading-title elementor-size-default\"><a href=\"https:\/\/www.simplebooking.it\/ibe2\/hotel\/3490\/package\/69748?hid=3490&#038;lang=FR&#038;cur=CHF\" target=\"_blank\">Family Time<\/a><\/h2>\t\t\t\t<\/div>\n\t\t\t\t<\/div>\n\t\t\t\t<div class=\"elementor-element elementor-element-769f402 ha-has-bg-overlay elementor-widget elementor-widget-heading\" data-id=\"769f402\" data-element_type=\"widget\" data-e-type=\"widget\" data-widget_type=\"heading.default\">\n\t\t\t\t<div class=\"elementor-widget-container\">\n\t\t\t\t\t<h2 class=\"elementor-heading-title elementor-size-default\"><a href=\"https:\/\/nationalzermatt.ch\/fr\/des-chambres-2\/\">2 x nuits en demi-pension \n<br>2 x boules de bain\n<br>1 x pique-nique\n<br>1 x sac \u00e0 dos avec jouets (pr\u00eat\u00e9)<\/a><\/h2>\t\t\t\t<\/div>\n\t\t\t\t<\/div>\n\t\t\t\t<\/div>\n\t\t<div class=\"elementor-element elementor-element-4f9f86b e-con-full e-flex e-con e-child\" data-id=\"4f9f86b\" data-element_type=\"container\" data-e-type=\"container\" data-settings=\"{&quot;background_background&quot;:&quot;classic&quot;,&quot;_ha_eqh_enable&quot;:false}\">\n\t\t\t\t<div class=\"elementor-element elementor-element-fe7ff18 elementor-widget elementor-widget-heading\" data-id=\"fe7ff18\" data-element_type=\"widget\" data-e-type=\"widget\" data-widget_type=\"heading.default\">\n\t\t\t\t<div class=\"elementor-widget-container\">\n\t\t\t\t\t<h2 class=\"elementor-heading-title elementor-size-default\"><a href=\"https:\/\/nationalzermatt.ch\/fr\/restaurant-national\/\">Espace pour le repos. Du temps pour deux. <\/a><\/h2>\t\t\t\t<\/div>\n\t\t\t\t<\/div>\n\t\t\t\t<div class=\"elementor-element elementor-element-7646ff8 ha-has-bg-overlay elementor-widget elementor-widget-heading\" data-id=\"7646ff8\" data-element_type=\"widget\" data-e-type=\"widget\" data-widget_type=\"heading.default\">\n\t\t\t\t<div class=\"elementor-widget-container\">\n\t\t\t\t\t<h2 class=\"elementor-heading-title elementor-size-default\"><a href=\"https:\/\/www.simplebooking.it\/ibe2\/hotel\/3490\/package\/69630?hid=3490&#038;lang=FR&#038;cur=CHF\" target=\"_blank\">Escapade luxueuse<\/a><\/h2>\t\t\t\t<\/div>\n\t\t\t\t<\/div>\n\t\t\t\t<div class=\"elementor-element elementor-element-9a63ae2 ha-has-bg-overlay elementor-widget elementor-widget-heading\" data-id=\"9a63ae2\" data-element_type=\"widget\" data-e-type=\"widget\" data-widget_type=\"heading.default\">\n\t\t\t\t<div class=\"elementor-widget-container\">\n\t\t\t\t\t<h2 class=\"elementor-heading-title elementor-size-default\"><a href=\"https:\/\/nationalzermatt.ch\/fr\/des-chambres-2\/\">2 x nuits en demi-pension \n<br>1 x boules de bain\n<br>1 x prosecco \/ vin\n<br>1 x massage par personne<\/a><\/h2>\t\t\t\t<\/div>\n\t\t\t\t<\/div>\n\t\t\t\t<\/div>\n\t\t\t\t<\/div>\n\t\t\t\t<\/div>\n\t\t","protected":false},"excerpt":{"rendered":"<p>Sp\u00e9cialForfaits S&rsquo;asseoir avant que la vie ne recommence Baby Moon 2 x nuits en demi-pension 1 x kit d&#8217;empreinte de la main 1 x prosecco \/ vin sans alcool 1 x massage par personne Moi &#8211; sans choses \u00e0 faire Me Time 2 x nuits en demi-pension 1 x boules de bain 1 x prosecco [&hellip;]<\/p>\n","protected":false},"author":1,"featured_media":0,"parent":0,"menu_order":0,"comment_status":"closed","ping_status":"closed","template":"elementor_header_footer","meta":{"footnotes":""},"class_list":["post-4299","page","type-page","status-publish","hentry"],"yoast_head":"<!-- This site is optimized with the Yoast SEO plugin v26.9 - https:\/\/yoast.com\/product\/yoast-seo-wordpress\/ -->\n<title>Forfaits - Hotel National Zermatt<\/title>\n<meta name=\"description\" content=\"Forfaits attractifs \u00e0 l&#039;H\u00f4tel National Zermatt : profitez d&#039;offres sp\u00e9ciales pour l&#039;h\u00e9bergement, le bien-\u00eatre et les vacances \u00e0 Zermatt.\" \/>\n<meta name=\"robots\" content=\"index, follow, max-snippet:-1, max-image-preview:large, max-video-preview:-1\" \/>\n<link rel=\"canonical\" href=\"https:\/\/nationalzermatt.ch\/fr\/forfaits\/\" \/>\n<meta property=\"og:locale\" content=\"fr_FR\" \/>\n<meta property=\"og:type\" content=\"article\" \/>\n<meta property=\"og:title\" content=\"Forfaits - Hotel National Zermatt\" \/>\n<meta property=\"og:description\" content=\"Forfaits attractifs \u00e0 l&#039;H\u00f4tel National Zermatt : profitez d&#039;offres sp\u00e9ciales pour l&#039;h\u00e9bergement, le bien-\u00eatre et les vacances \u00e0 Zermatt.\" \/>\n<meta property=\"og:url\" content=\"https:\/\/nationalzermatt.ch\/fr\/forfaits\/\" \/>\n<meta property=\"og:site_name\" content=\"Hotel National Zermatt\" \/>\n<meta property=\"article:publisher\" content=\"https:\/\/www.facebook.com\/Hotel-National-Zermatt-149679611827902\" \/>\n<meta property=\"article:modified_time\" content=\"2025-10-20T11:33:35+00:00\" \/>\n<meta name=\"twitter:card\" content=\"summary_large_image\" \/>\n<meta name=\"twitter:label1\" content=\"Dur\u00e9e de lecture estim\u00e9e\" \/>\n\t<meta name=\"twitter:data1\" content=\"1 minute\" \/>\n<script type=\"application\/ld+json\" class=\"yoast-schema-graph\">{\"@context\":\"https:\/\/schema.org\",\"@graph\":[{\"@type\":\"WebPage\",\"@id\":\"https:\/\/nationalzermatt.ch\/fr\/forfaits\/\",\"url\":\"https:\/\/nationalzermatt.ch\/fr\/forfaits\/\",\"name\":\"Forfaits - Hotel National Zermatt\",\"isPartOf\":{\"@id\":\"https:\/\/nationalzermatt.ch\/fr\/#website\"},\"datePublished\":\"2025-06-03T11:56:00+00:00\",\"dateModified\":\"2025-10-20T11:33:35+00:00\",\"description\":\"Forfaits attractifs \u00e0 l'H\u00f4tel National Zermatt : profitez d'offres sp\u00e9ciales pour l'h\u00e9bergement, le bien-\u00eatre et les vacances \u00e0 Zermatt.\",\"breadcrumb\":{\"@id\":\"https:\/\/nationalzermatt.ch\/fr\/forfaits\/#breadcrumb\"},\"inLanguage\":\"fr-FR\",\"potentialAction\":[{\"@type\":\"ReadAction\",\"target\":[\"https:\/\/nationalzermatt.ch\/fr\/forfaits\/\"]}]},{\"@type\":\"BreadcrumbList\",\"@id\":\"https:\/\/nationalzermatt.ch\/fr\/forfaits\/#breadcrumb\",\"itemListElement\":[{\"@type\":\"ListItem\",\"position\":1,\"name\":\"Startseite\",\"item\":\"https:\/\/nationalzermatt.ch\/fr\/\"},{\"@type\":\"ListItem\",\"position\":2,\"name\":\"Forfaits\"}]},{\"@type\":\"WebSite\",\"@id\":\"https:\/\/nationalzermatt.ch\/fr\/#website\",\"url\":\"https:\/\/nationalzermatt.ch\/fr\/\",\"name\":\"Hotel National Zermatt\",\"description\":\"Extend your happiness\",\"publisher\":{\"@id\":\"https:\/\/nationalzermatt.ch\/fr\/#organization\"},\"potentialAction\":[{\"@type\":\"SearchAction\",\"target\":{\"@type\":\"EntryPoint\",\"urlTemplate\":\"https:\/\/nationalzermatt.ch\/fr\/?s={search_term_string}\"},\"query-input\":{\"@type\":\"PropertyValueSpecification\",\"valueRequired\":true,\"valueName\":\"search_term_string\"}}],\"inLanguage\":\"fr-FR\"},{\"@type\":\"Organization\",\"@id\":\"https:\/\/nationalzermatt.ch\/fr\/#organization\",\"name\":\"Hotel National Zermatt\",\"url\":\"https:\/\/nationalzermatt.ch\/fr\/\",\"logo\":{\"@type\":\"ImageObject\",\"inLanguage\":\"fr-FR\",\"@id\":\"https:\/\/nationalzermatt.ch\/fr\/#\/schema\/logo\/image\/\",\"url\":\"https:\/\/nationalzermatt.ch\/wp-content\/uploads\/2024\/06\/national_logo_circular_BRONZE.svg\",\"contentUrl\":\"https:\/\/nationalzermatt.ch\/wp-content\/uploads\/2024\/06\/national_logo_circular_BRONZE.svg\",\"width\":1920,\"height\":1920,\"caption\":\"Hotel National Zermatt\"},\"image\":{\"@id\":\"https:\/\/nationalzermatt.ch\/fr\/#\/schema\/logo\/image\/\"},\"sameAs\":[\"https:\/\/www.facebook.com\/Hotel-National-Zermatt-149679611827902\",\"https:\/\/www.instagram.com\/nationalzermatt\/\"]}]}<\/script>\n<!-- \/ Yoast SEO plugin. -->","yoast_head_json":{"title":"Forfaits - Hotel National Zermatt","description":"Forfaits attractifs \u00e0 l'H\u00f4tel National Zermatt : profitez d'offres sp\u00e9ciales pour l'h\u00e9bergement, le bien-\u00eatre et les vacances \u00e0 Zermatt.","robots":{"index":"index","follow":"follow","max-snippet":"max-snippet:-1","max-image-preview":"max-image-preview:large","max-video-preview":"max-video-preview:-1"},"canonical":"https:\/\/nationalzermatt.ch\/fr\/forfaits\/","og_locale":"fr_FR","og_type":"article","og_title":"Forfaits - Hotel National Zermatt","og_description":"Forfaits attractifs \u00e0 l'H\u00f4tel National Zermatt : profitez d'offres sp\u00e9ciales pour l'h\u00e9bergement, le bien-\u00eatre et les vacances \u00e0 Zermatt.","og_url":"https:\/\/nationalzermatt.ch\/fr\/forfaits\/","og_site_name":"Hotel National Zermatt","article_publisher":"https:\/\/www.facebook.com\/Hotel-National-Zermatt-149679611827902","article_modified_time":"2025-10-20T11:33:35+00:00","twitter_card":"summary_large_image","twitter_misc":{"Dur\u00e9e de lecture estim\u00e9e":"1 minute"},"schema":{"@context":"https:\/\/schema.org","@graph":[{"@type":"WebPage","@id":"https:\/\/nationalzermatt.ch\/fr\/forfaits\/","url":"https:\/\/nationalzermatt.ch\/fr\/forfaits\/","name":"Forfaits - Hotel National Zermatt","isPartOf":{"@id":"https:\/\/nationalzermatt.ch\/fr\/#website"},"datePublished":"2025-06-03T11:56:00+00:00","dateModified":"2025-10-20T11:33:35+00:00","description":"Forfaits attractifs \u00e0 l'H\u00f4tel National Zermatt : profitez d'offres sp\u00e9ciales pour l'h\u00e9bergement, le bien-\u00eatre et les vacances \u00e0 Zermatt.","breadcrumb":{"@id":"https:\/\/nationalzermatt.ch\/fr\/forfaits\/#breadcrumb"},"inLanguage":"fr-FR","potentialAction":[{"@type":"ReadAction","target":["https:\/\/nationalzermatt.ch\/fr\/forfaits\/"]}]},{"@type":"BreadcrumbList","@id":"https:\/\/nationalzermatt.ch\/fr\/forfaits\/#breadcrumb","itemListElement":[{"@type":"ListItem","position":1,"name":"Startseite","item":"https:\/\/nationalzermatt.ch\/fr\/"},{"@type":"ListItem","position":2,"name":"Forfaits"}]},{"@type":"WebSite","@id":"https:\/\/nationalzermatt.ch\/fr\/#website","url":"https:\/\/nationalzermatt.ch\/fr\/","name":"Hotel National Zermatt","description":"Extend your happiness","publisher":{"@id":"https:\/\/nationalzermatt.ch\/fr\/#organization"},"potentialAction":[{"@type":"SearchAction","target":{"@type":"EntryPoint","urlTemplate":"https:\/\/nationalzermatt.ch\/fr\/?s={search_term_string}"},"query-input":{"@type":"PropertyValueSpecification","valueRequired":true,"valueName":"search_term_string"}}],"inLanguage":"fr-FR"},{"@type":"Organization","@id":"https:\/\/nationalzermatt.ch\/fr\/#organization","name":"Hotel National Zermatt","url":"https:\/\/nationalzermatt.ch\/fr\/","logo":{"@type":"ImageObject","inLanguage":"fr-FR","@id":"https:\/\/nationalzermatt.ch\/fr\/#\/schema\/logo\/image\/","url":"https:\/\/nationalzermatt.ch\/wp-content\/uploads\/2024\/06\/national_logo_circular_BRONZE.svg","contentUrl":"https:\/\/nationalzermatt.ch\/wp-content\/uploads\/2024\/06\/national_logo_circular_BRONZE.svg","width":1920,"height":1920,"caption":"Hotel National Zermatt"},"image":{"@id":"https:\/\/nationalzermatt.ch\/fr\/#\/schema\/logo\/image\/"},"sameAs":["https:\/\/www.facebook.com\/Hotel-National-Zermatt-149679611827902","https:\/\/www.instagram.com\/nationalzermatt\/"]}]}},"_links":{"self":[{"href":"https:\/\/nationalzermatt.ch\/fr\/wp-json\/wp\/v2\/pages\/4299","targetHints":{"allow":["GET"]}}],"collection":[{"href":"https:\/\/nationalzermatt.ch\/fr\/wp-json\/wp\/v2\/pages"}],"about":[{"href":"https:\/\/nationalzermatt.ch\/fr\/wp-json\/wp\/v2\/types\/page"}],"author":[{"embeddable":true,"href":"https:\/\/nationalzermatt.ch\/fr\/wp-json\/wp\/v2\/users\/1"}],"replies":[{"embeddable":true,"href":"https:\/\/nationalzermatt.ch\/fr\/wp-json\/wp\/v2\/comments?post=4299"}],"version-history":[{"count":0,"href":"https:\/\/nationalzermatt.ch\/fr\/wp-json\/wp\/v2\/pages\/4299\/revisions"}],"wp:attachment":[{"href":"https:\/\/nationalzermatt.ch\/fr\/wp-json\/wp\/v2\/media?parent=4299"}],"curies":[{"name":"wp","href":"https:\/\/api.w.org\/{rel}","templated":true}]}}