{"id":2585,"date":"2024-07-31T06:05:31","date_gmt":"2024-07-31T06:05:31","guid":{"rendered":"https:\/\/hotel.nationalzermatt.ch\/bons-cadeaux\/"},"modified":"2025-08-18T17:18:10","modified_gmt":"2025-08-18T17:18:10","slug":"bons-cadeaux","status":"publish","type":"page","link":"https:\/\/nationalzermatt.ch\/fr\/bons-cadeaux\/","title":{"rendered":"Bons cadeaux"},"content":{"rendered":"\t\t<div data-elementor-type=\"wp-page\" data-elementor-id=\"2585\" class=\"elementor elementor-2585 elementor-2571\" data-elementor-settings=\"{&quot;ha_cmc_init_switcher&quot;:&quot;no&quot;}\" data-elementor-post-type=\"page\">\n\t\t\t\t<div class=\"elementor-element elementor-element-5d3724b e-flex e-con-boxed e-con e-parent\" data-id=\"5d3724b\" data-element_type=\"container\" data-e-type=\"container\" data-settings=\"{&quot;_ha_eqh_enable&quot;:false}\">\n\t\t\t\t\t<div class=\"e-con-inner\">\n\t\t\t\t<div class=\"elementor-element elementor-element-fd90394 elementor-widget elementor-widget-html\" data-id=\"fd90394\" data-element_type=\"widget\" data-e-type=\"widget\" data-widget_type=\"html.default\">\n\t\t\t\t<div class=\"elementor-widget-container\">\n\t\t\t\t\t <div id=\"myIncertIframe\"><\/div>\n    <script type=\"text\/javascript\">\n    !function(i,n,c,e,r,t,s,h,o,p){\n        i[e]=i[e]||function(){(i[e].q=i[e].q||[]).push([].slice.call(arguments))},\n        p=n.createElement(c),p.src=r,\n        p.onload=function(){IncertClass.n=e,incertIframe(t,s,h)},n.head.appendChild(p)\n    }(window, document, \"SCRIPT\", \"inc\",\n    \"https:\/\/myincert.com\/public\/api\/incertClient.js\", \"myIncertIframe\",\n    \"https:\/\/nationalzermatt.traumgutscheine.com\/start.php?incertframe=new&language=de\");\n    <\/script>\t\t\t\t<\/div>\n\t\t\t\t<\/div>\n\t\t\t\t\t<\/div>\n\t\t\t\t<\/div>\n\t\t\t\t<\/div>\n\t\t","protected":false},"excerpt":{"rendered":"","protected":false},"author":1,"featured_media":0,"parent":0,"menu_order":0,"comment_status":"closed","ping_status":"closed","template":"","meta":{"footnotes":""},"class_list":["post-2585","page","type-page","status-publish","hentry"],"yoast_head":"<!-- This site is optimized with the Yoast SEO plugin v26.9 - https:\/\/yoast.com\/product\/yoast-seo-wordpress\/ -->\n<title>Bons cadeaux - Hotel National Zermatt<\/title>\n<meta name=\"description\" content=\"Offrez de la joie avec un bon cadeau pour l&#039;H\u00f4tel National \u00e0 Zermatt. Que ce soit pour l&#039;h\u00e9bergement, le bien-\u00eatre ou le d\u00eener.\" \/>\n<meta name=\"robots\" content=\"index, follow, max-snippet:-1, max-image-preview:large, max-video-preview:-1\" \/>\n<link rel=\"canonical\" href=\"https:\/\/nationalzermatt.ch\/fr\/bons-cadeaux\/\" \/>\n<meta property=\"og:locale\" content=\"fr_FR\" \/>\n<meta property=\"og:type\" content=\"article\" \/>\n<meta property=\"og:title\" content=\"Bons cadeaux - Hotel National Zermatt\" \/>\n<meta property=\"og:description\" content=\"Offrez de la joie avec un bon cadeau pour l&#039;H\u00f4tel National \u00e0 Zermatt. Que ce soit pour l&#039;h\u00e9bergement, le bien-\u00eatre ou le d\u00eener.\" \/>\n<meta property=\"og:url\" content=\"https:\/\/nationalzermatt.ch\/fr\/bons-cadeaux\/\" \/>\n<meta property=\"og:site_name\" content=\"Hotel National Zermatt\" \/>\n<meta property=\"article:publisher\" content=\"https:\/\/www.facebook.com\/Hotel-National-Zermatt-149679611827902\" \/>\n<meta property=\"article:modified_time\" content=\"2025-08-18T17:18:10+00:00\" \/>\n<meta name=\"twitter:card\" content=\"summary_large_image\" \/>\n<script type=\"application\/ld+json\" class=\"yoast-schema-graph\">{\"@context\":\"https:\/\/schema.org\",\"@graph\":[{\"@type\":\"WebPage\",\"@id\":\"https:\/\/nationalzermatt.ch\/fr\/bons-cadeaux\/\",\"url\":\"https:\/\/nationalzermatt.ch\/fr\/bons-cadeaux\/\",\"name\":\"Bons cadeaux - Hotel National Zermatt\",\"isPartOf\":{\"@id\":\"https:\/\/nationalzermatt.ch\/fr\/#website\"},\"datePublished\":\"2024-07-31T06:05:31+00:00\",\"dateModified\":\"2025-08-18T17:18:10+00:00\",\"description\":\"Offrez de la joie avec un bon cadeau pour l'H\u00f4tel National \u00e0 Zermatt. Que ce soit pour l'h\u00e9bergement, le bien-\u00eatre ou le d\u00eener.\",\"breadcrumb\":{\"@id\":\"https:\/\/nationalzermatt.ch\/fr\/bons-cadeaux\/#breadcrumb\"},\"inLanguage\":\"fr-FR\",\"potentialAction\":[{\"@type\":\"ReadAction\",\"target\":[\"https:\/\/nationalzermatt.ch\/fr\/bons-cadeaux\/\"]}]},{\"@type\":\"BreadcrumbList\",\"@id\":\"https:\/\/nationalzermatt.ch\/fr\/bons-cadeaux\/#breadcrumb\",\"itemListElement\":[{\"@type\":\"ListItem\",\"position\":1,\"name\":\"Startseite\",\"item\":\"https:\/\/nationalzermatt.ch\/fr\/\"},{\"@type\":\"ListItem\",\"position\":2,\"name\":\"Bons cadeaux\"}]},{\"@type\":\"WebSite\",\"@id\":\"https:\/\/nationalzermatt.ch\/fr\/#website\",\"url\":\"https:\/\/nationalzermatt.ch\/fr\/\",\"name\":\"Hotel National Zermatt\",\"description\":\"Extend your happiness\",\"publisher\":{\"@id\":\"https:\/\/nationalzermatt.ch\/fr\/#organization\"},\"potentialAction\":[{\"@type\":\"SearchAction\",\"target\":{\"@type\":\"EntryPoint\",\"urlTemplate\":\"https:\/\/nationalzermatt.ch\/fr\/?s={search_term_string}\"},\"query-input\":{\"@type\":\"PropertyValueSpecification\",\"valueRequired\":true,\"valueName\":\"search_term_string\"}}],\"inLanguage\":\"fr-FR\"},{\"@type\":\"Organization\",\"@id\":\"https:\/\/nationalzermatt.ch\/fr\/#organization\",\"name\":\"Hotel National Zermatt\",\"url\":\"https:\/\/nationalzermatt.ch\/fr\/\",\"logo\":{\"@type\":\"ImageObject\",\"inLanguage\":\"fr-FR\",\"@id\":\"https:\/\/nationalzermatt.ch\/fr\/#\/schema\/logo\/image\/\",\"url\":\"https:\/\/nationalzermatt.ch\/wp-content\/uploads\/2024\/06\/national_logo_circular_BRONZE.svg\",\"contentUrl\":\"https:\/\/nationalzermatt.ch\/wp-content\/uploads\/2024\/06\/national_logo_circular_BRONZE.svg\",\"width\":1920,\"height\":1920,\"caption\":\"Hotel National Zermatt\"},\"image\":{\"@id\":\"https:\/\/nationalzermatt.ch\/fr\/#\/schema\/logo\/image\/\"},\"sameAs\":[\"https:\/\/www.facebook.com\/Hotel-National-Zermatt-149679611827902\",\"https:\/\/www.instagram.com\/nationalzermatt\/\"]}]}<\/script>\n<!-- \/ Yoast SEO plugin. -->","yoast_head_json":{"title":"Bons cadeaux - Hotel National Zermatt","description":"Offrez de la joie avec un bon cadeau pour l'H\u00f4tel National \u00e0 Zermatt. Que ce soit pour l'h\u00e9bergement, le bien-\u00eatre ou le d\u00eener.","robots":{"index":"index","follow":"follow","max-snippet":"max-snippet:-1","max-image-preview":"max-image-preview:large","max-video-preview":"max-video-preview:-1"},"canonical":"https:\/\/nationalzermatt.ch\/fr\/bons-cadeaux\/","og_locale":"fr_FR","og_type":"article","og_title":"Bons cadeaux - Hotel National Zermatt","og_description":"Offrez de la joie avec un bon cadeau pour l'H\u00f4tel National \u00e0 Zermatt. Que ce soit pour l'h\u00e9bergement, le bien-\u00eatre ou le d\u00eener.","og_url":"https:\/\/nationalzermatt.ch\/fr\/bons-cadeaux\/","og_site_name":"Hotel National Zermatt","article_publisher":"https:\/\/www.facebook.com\/Hotel-National-Zermatt-149679611827902","article_modified_time":"2025-08-18T17:18:10+00:00","twitter_card":"summary_large_image","schema":{"@context":"https:\/\/schema.org","@graph":[{"@type":"WebPage","@id":"https:\/\/nationalzermatt.ch\/fr\/bons-cadeaux\/","url":"https:\/\/nationalzermatt.ch\/fr\/bons-cadeaux\/","name":"Bons cadeaux - Hotel National Zermatt","isPartOf":{"@id":"https:\/\/nationalzermatt.ch\/fr\/#website"},"datePublished":"2024-07-31T06:05:31+00:00","dateModified":"2025-08-18T17:18:10+00:00","description":"Offrez de la joie avec un bon cadeau pour l'H\u00f4tel National \u00e0 Zermatt. Que ce soit pour l'h\u00e9bergement, le bien-\u00eatre ou le d\u00eener.","breadcrumb":{"@id":"https:\/\/nationalzermatt.ch\/fr\/bons-cadeaux\/#breadcrumb"},"inLanguage":"fr-FR","potentialAction":[{"@type":"ReadAction","target":["https:\/\/nationalzermatt.ch\/fr\/bons-cadeaux\/"]}]},{"@type":"BreadcrumbList","@id":"https:\/\/nationalzermatt.ch\/fr\/bons-cadeaux\/#breadcrumb","itemListElement":[{"@type":"ListItem","position":1,"name":"Startseite","item":"https:\/\/nationalzermatt.ch\/fr\/"},{"@type":"ListItem","position":2,"name":"Bons cadeaux"}]},{"@type":"WebSite","@id":"https:\/\/nationalzermatt.ch\/fr\/#website","url":"https:\/\/nationalzermatt.ch\/fr\/","name":"Hotel National Zermatt","description":"Extend your happiness","publisher":{"@id":"https:\/\/nationalzermatt.ch\/fr\/#organization"},"potentialAction":[{"@type":"SearchAction","target":{"@type":"EntryPoint","urlTemplate":"https:\/\/nationalzermatt.ch\/fr\/?s={search_term_string}"},"query-input":{"@type":"PropertyValueSpecification","valueRequired":true,"valueName":"search_term_string"}}],"inLanguage":"fr-FR"},{"@type":"Organization","@id":"https:\/\/nationalzermatt.ch\/fr\/#organization","name":"Hotel National Zermatt","url":"https:\/\/nationalzermatt.ch\/fr\/","logo":{"@type":"ImageObject","inLanguage":"fr-FR","@id":"https:\/\/nationalzermatt.ch\/fr\/#\/schema\/logo\/image\/","url":"https:\/\/nationalzermatt.ch\/wp-content\/uploads\/2024\/06\/national_logo_circular_BRONZE.svg","contentUrl":"https:\/\/nationalzermatt.ch\/wp-content\/uploads\/2024\/06\/national_logo_circular_BRONZE.svg","width":1920,"height":1920,"caption":"Hotel National Zermatt"},"image":{"@id":"https:\/\/nationalzermatt.ch\/fr\/#\/schema\/logo\/image\/"},"sameAs":["https:\/\/www.facebook.com\/Hotel-National-Zermatt-149679611827902","https:\/\/www.instagram.com\/nationalzermatt\/"]}]}},"_links":{"self":[{"href":"https:\/\/nationalzermatt.ch\/fr\/wp-json\/wp\/v2\/pages\/2585","targetHints":{"allow":["GET"]}}],"collection":[{"href":"https:\/\/nationalzermatt.ch\/fr\/wp-json\/wp\/v2\/pages"}],"about":[{"href":"https:\/\/nationalzermatt.ch\/fr\/wp-json\/wp\/v2\/types\/page"}],"author":[{"embeddable":true,"href":"https:\/\/nationalzermatt.ch\/fr\/wp-json\/wp\/v2\/users\/1"}],"replies":[{"embeddable":true,"href":"https:\/\/nationalzermatt.ch\/fr\/wp-json\/wp\/v2\/comments?post=2585"}],"version-history":[{"count":0,"href":"https:\/\/nationalzermatt.ch\/fr\/wp-json\/wp\/v2\/pages\/2585\/revisions"}],"wp:attachment":[{"href":"https:\/\/nationalzermatt.ch\/fr\/wp-json\/wp\/v2\/media?parent=2585"}],"curies":[{"name":"wp","href":"https:\/\/api.w.org\/{rel}","templated":true}]}}